{"id":841,"date":"2022-09-01T09:17:19","date_gmt":"2022-09-01T09:17:19","guid":{"rendered":"https:\/\/elearn.jaeurope.org\/pm\/?page_id=841"},"modified":"2022-09-01T09:17:19","modified_gmt":"2022-09-01T09:17:19","slug":"zarzadzanie-projektem","status":"publish","type":"page","link":"https:\/\/elearn.jaeurope.org\/pm\/pl\/zarzadzanie-projektem\/","title":{"rendered":"Zarz\u0105dzanie projektem"},"content":{"rendered":"<p>[et_pb_section fb_built=&#8221;1&#8243; admin_label=&#8221;Course Hero&#8221; _builder_version=&#8221;4.16&#8243; background_enable_color=&#8221;off&#8221; use_background_color_gradient=&#8221;on&#8221; background_color_gradient_direction=&#8221;90deg&#8221; background_color_gradient_stops=&#8221;#00a0af 14%|#e3e24f 99%&#8221; background_color_gradient_start=&#8221;#00763c&#8221; background_color_gradient_end=&#8221;#a6dc02&#8243; background_image=&#8221;https:\/\/elearn.jaeurope.org\/network\/pm\/wp-content\/uploads\/sites\/2\/2021\/06\/coding-background-texture.jpg&#8221; background_blend=&#8221;overlay&#8221; custom_padding=&#8221;50px|0px|180px|0px|false|false&#8221; animation_style=&#8221;slide&#8221; animation_direction=&#8221;top&#8221; animation_intensity_slide=&#8221;2%&#8221; locked=&#8221;off&#8221; global_colors_info=&#8221;{}&#8221;][et_pb_row column_structure=&#8221;1_2,1_2&#8243; _builder_version=&#8221;4.16&#8243; custom_margin=&#8221;|||&#8221; custom_width_px=&#8221;1280px&#8221; global_colors_info=&#8221;{}&#8221;][et_pb_column type=&#8221;1_2&#8243; _builder_version=&#8221;4.16&#8243; custom_padding=&#8221;|||&#8221; global_colors_info=&#8221;{}&#8221; custom_padding__hover=&#8221;|||&#8221;][et_pb_text _builder_version=&#8221;4.18.0&#8243; text_font=&#8221;||||||||&#8221; header_font=&#8221;|800||on|||||&#8221; header_font_size=&#8221;60px&#8221; header_line_height=&#8221;1.3em&#8221; background_layout=&#8221;dark&#8221; min_height=&#8221;124px&#8221; custom_margin=&#8221;0px||||false|false&#8221; custom_padding=&#8221;|||&#8221; header_font_size_tablet=&#8221;&#8221; header_font_size_phone=&#8221;&#8221; header_font_size_last_edited=&#8221;on|desktop&#8221; locked=&#8221;off&#8221; global_colors_info=&#8221;{}&#8221;]<\/p>\n<h1>Zarz\u0105dzanie projektem<\/h1>\n<h4>1.5 godz.<\/span><\/h4>\n<p>[\/et_pb_text][et_pb_text _builder_version=&#8221;4.16&#8243; text_font=&#8221;|600|||||||&#8221; text_text_color=&#8221;#FFFFFF&#8221; text_font_size=&#8221;20px&#8221; text_line_height=&#8221;1.75em&#8221; custom_padding=&#8221;0px|||||&#8221; locked=&#8221;off&#8221; global_colors_info=&#8221;{}&#8221;]<\/p>\n<p style=\"text-align: justify\">Na tym kursie e-learningowym nauczysz si\u0119 podstaw zarz\u0105dzania projektami, a tak\u017ce zdob\u0119dziesz umiej\u0119tno\u015bci, kt\u00f3re mo\u017cna zastosowa\u0107 w realizacji dowolnego projektu.<\/p>\n<p><span style=\"font-size: small\"><span style=\"font-size: x-small\">All images supplied by<\/span> <a href=\"https:\/\/www.freepik.com\/vectors\/business\">Freepik<\/a><\/span><span style=\"font-weight: 400\"><\/span><\/p>\n<p><span style=\"font-weight: 400\"><\/span><\/p>\n<p>[\/et_pb_text][et_pb_button button_url=&#8221;https:\/\/elearn.jaeurope.org\/pm\/pl\/zarzadzanie-projektem\/rozdzial-1-wprowadzenie-do-zarzadzania-projektem\/&#8221; button_text=&#8221;Zaczynamy&#8221; _builder_version=&#8221;4.18.0&#8243; custom_button=&#8221;on&#8221; button_text_size=&#8221;16px&#8221; button_border_width=&#8221;2px&#8221; button_border_color=&#8221;#00763C&#8221; button_border_radius=&#8221;4px&#8221; button_letter_spacing=&#8221;1px&#8221; button_font=&#8221;|on||on|&#8221; button_icon=&#8221;&#x45;||divi||400&#8243; button_on_hover=&#8221;off&#8221; custom_margin=&#8221;20px|||&#8221; custom_padding=&#8221;13px|29px|13px|29px|true|true&#8221; animation_style=&#8221;zoom&#8221; animation_delay=&#8221;100ms&#8221; animation_intensity_zoom=&#8221;10%&#8221; hover_enabled=&#8221;0&#8243; box_shadow_style=&#8221;preset1&#8243; box_shadow_vertical=&#8221;10px&#8221; box_shadow_blur=&#8221;50px&#8221; box_shadow_spread=&#8221;5px&#8221; box_shadow_color=&#8221;rgba(0,188,160,0.6)&#8221; button_letter_spacing_hover=&#8221;2px&#8221; saved_tabs=&#8221;all&#8221; locked=&#8221;off&#8221; global_colors_info=&#8221;{}&#8221; button_text_size__hover_enabled=&#8221;off&#8221; button_text_size__hover=&#8221;null&#8221; button_one_text_size__hover_enabled=&#8221;off&#8221; button_one_text_size__hover=&#8221;null&#8221; button_two_text_size__hover_enabled=&#8221;off&#8221; button_two_text_size__hover=&#8221;null&#8221; button_text_color__hover_enabled=&#8221;off&#8221; button_text_color__hover=&#8221;null&#8221; button_one_text_color__hover_enabled=&#8221;off&#8221; button_one_text_color__hover=&#8221;null&#8221; button_two_text_color__hover_enabled=&#8221;off&#8221; button_two_text_color__hover=&#8221;null&#8221; button_border_width__hover_enabled=&#8221;off&#8221; button_border_width__hover=&#8221;null&#8221; button_one_border_width__hover_enabled=&#8221;off&#8221; button_one_border_width__hover=&#8221;null&#8221; button_two_border_width__hover_enabled=&#8221;off&#8221; button_two_border_width__hover=&#8221;null&#8221; button_border_color__hover_enabled=&#8221;off&#8221; button_border_color__hover=&#8221;null&#8221; button_one_border_color__hover_enabled=&#8221;off&#8221; button_one_border_color__hover=&#8221;null&#8221; button_two_border_color__hover_enabled=&#8221;off&#8221; button_two_border_color__hover=&#8221;null&#8221; button_border_radius__hover_enabled=&#8221;off&#8221; button_border_radius__hover=&#8221;null&#8221; button_one_border_radius__hover_enabled=&#8221;off&#8221; button_one_border_radius__hover=&#8221;null&#8221; button_two_border_radius__hover_enabled=&#8221;off&#8221; button_two_border_radius__hover=&#8221;null&#8221; button_letter_spacing__hover_enabled=&#8221;on&#8221; button_letter_spacing__hover=&#8221;2px&#8221; button_one_letter_spacing__hover_enabled=&#8221;off&#8221; button_one_letter_spacing__hover=&#8221;null&#8221; button_two_letter_spacing__hover_enabled=&#8221;off&#8221; button_two_letter_spacing__hover=&#8221;null&#8221; button_bg_color__hover_enabled=&#8221;off&#8221; button_bg_color__hover=&#8221;null&#8221; button_one_bg_color__hover_enabled=&#8221;off&#8221; button_one_bg_color__hover=&#8221;null&#8221; button_two_bg_color__hover_enabled=&#8221;off&#8221; button_two_bg_color__hover=&#8221;null&#8221; sticky_enabled=&#8221;0&#8243;][\/et_pb_button][\/et_pb_column][et_pb_column type=&#8221;1_2&#8243; _builder_version=&#8221;4.16&#8243; custom_padding=&#8221;|||&#8221; global_colors_info=&#8221;{}&#8221; custom_padding__hover=&#8221;|||&#8221;][et_pb_image src=&#8221;https:\/\/elearn.jaeurope.org\/network\/pm\/wp-content\/uploads\/sites\/2\/2021\/06\/coding-isometric-11.png&#8221; align_tablet=&#8221;center&#8221; align_phone=&#8221;&#8221; align_last_edited=&#8221;on|desktop&#8221; _builder_version=&#8221;4.16&#8243; animation_style=&#8221;zoom&#8221; animation_direction=&#8221;left&#8221; animation_intensity_zoom=&#8221;20%&#8221; global_colors_info=&#8221;{}&#8221;][\/et_pb_image][\/et_pb_column][\/et_pb_row][\/et_pb_section][et_pb_section fb_built=&#8221;1&#8243; specialty=&#8221;on&#8221; padding_top_2=&#8221;0px&#8221; admin_label=&#8221;Course Chapters&#8221; _builder_version=&#8221;4.16&#8243; custom_margin=&#8221;|||&#8221; custom_padding=&#8221;0px||120px|&#8221; global_colors_info=&#8221;{}&#8221;][et_pb_column type=&#8221;2_3&#8243; specialty_columns=&#8221;2&#8243; _builder_version=&#8221;4.16&#8243; custom_padding=&#8221;|||&#8221; global_colors_info=&#8221;{}&#8221; parallax__hover=&#8221;off&#8221; parallax_method__hover=&#8221;on&#8221; custom_padding__hover=&#8221;|||&#8221;][et_pb_row_inner use_custom_gutter=&#8221;on&#8221; gutter_width=&#8221;4&#8243; _builder_version=&#8221;4.16&#8243; custom_margin=&#8221;-80px|||&#8221; custom_padding=&#8221;0px|||&#8221; global_colors_info=&#8221;{}&#8221;][et_pb_column_inner saved_specialty_column_type=&#8221;2_3&#8243; _builder_version=&#8221;4.16&#8243; custom_padding=&#8221;|||&#8221; global_colors_info=&#8221;{}&#8221; parallax__hover=&#8221;off&#8221; parallax_method__hover=&#8221;on&#8221; custom_padding__hover=&#8221;|||&#8221;][et_pb_blurb title=&#8221;Rozdzia\u0142 1: Wprowadzenie do zarz\u0105dzania projektem&#8221; url=&#8221;https:\/\/elearn.jaeurope.org\/pm\/chapter-1-introduction-to-project-management\/&#8221; url_new_window=&#8221;on&#8221; image=&#8221;https:\/\/elearn.jaeurope.org\/network\/pm\/wp-content\/uploads\/sites\/2\/2022\/08\/coding-icon_4.png&#8221; icon_placement=&#8221;left&#8221; image_icon_width=&#8221;64px&#8221; content_max_width=&#8221;1100px&#8221; admin_label=&#8221;Chapter&#8221; _builder_version=&#8221;4.18.0&#8243; header_font=&#8221;|on|||&#8221; header_line_height=&#8221;1.5em&#8221; body_line_height=&#8221;1.9em&#8221; background_color=&#8221;#ffffff&#8221; custom_margin=&#8221;|||&#8221; custom_padding=&#8221;30px|40px|30px|40px&#8221; animation_style=&#8221;zoom&#8221; animation_direction=&#8221;bottom&#8221; animation_intensity_zoom=&#8221;20%&#8221; animation_starting_opacity=&#8221;100%&#8221; hover_enabled=&#8221;0&#8243; box_shadow_style=&#8221;preset2&#8243; box_shadow_horizontal=&#8221;0px&#8221; box_shadow_vertical=&#8221;0px&#8221; box_shadow_blur=&#8221;60px&#8221; box_shadow_color=&#8221;rgba(71,74,182,0.12)&#8221; image_max_width=&#8221;64px&#8221; locked=&#8221;off&#8221; global_colors_info=&#8221;{}&#8221; sticky_enabled=&#8221;0&#8243;]Wszyscy jeste\u015bmy zaanga\u017cowani w pewne aspekty zarz\u0105dzania projektami. W rzeczywisto\u015bci prawdopodobnie od d\u0142u\u017cszego czasu robicie to w swoim codziennym \u017cyciu, nie zdaj\u0105c sobie z tego sprawy.<\/p>\n<p><strong><span style=\"text-decoration: underline\"><a href=\"https:\/\/elearn.jaeurope.org\/pm\/pl\/zarzadzanie-projektem\/rozdzial-1-wprowadzenie-do-zarzadzania-projektem\/\">Kliknij, aby przej\u015b\u0107 do rozdzia\u0142u<\/a><\/span><\/strong>[\/et_pb_blurb][et_pb_blurb title=&#8221;Rozdzia\u0142 2: Rozpocz\u0119cie projektu&#8221; url=&#8221;#&#8221; url_new_window=&#8221;on&#8221; image=&#8221;https:\/\/elearn.jaeurope.org\/network\/pm\/wp-content\/uploads\/sites\/2\/2022\/08\/coding-icon_12.png&#8221; icon_placement=&#8221;left&#8221; image_icon_width=&#8221;64px&#8221; content_max_width=&#8221;1100px&#8221; admin_label=&#8221;Chapter&#8221; _builder_version=&#8221;4.18.0&#8243; header_font=&#8221;|on|||&#8221; header_line_height=&#8221;1.5em&#8221; body_line_height=&#8221;1.9em&#8221; background_color=&#8221;#ffffff&#8221; custom_margin=&#8221;|||&#8221; custom_padding=&#8221;30px|40px|30px|40px&#8221; animation_style=&#8221;zoom&#8221; animation_direction=&#8221;bottom&#8221; animation_intensity_zoom=&#8221;20%&#8221; animation_starting_opacity=&#8221;100%&#8221; hover_enabled=&#8221;0&#8243; box_shadow_style=&#8221;preset2&#8243; box_shadow_horizontal=&#8221;0px&#8221; box_shadow_vertical=&#8221;0px&#8221; box_shadow_blur=&#8221;60px&#8221; box_shadow_color=&#8221;rgba(71,74,182,0.12)&#8221; image_max_width=&#8221;64px&#8221; locked=&#8221;off&#8221; global_colors_info=&#8221;{}&#8221; sticky_enabled=&#8221;0&#8243;]Na etapie rozpocz\u0119cia projektu w pierwszej kolejno\u015bci okre\u015blamy jego cele, co chcemy wykona\u0107 i jaki rezultat chcemy osi\u0105gn\u0105\u0107.<\/p>\n<p><strong><a href=\"https:\/\/elearn.jaeurope.org\/pm\/pl\/zarzadzanie-projektem\/rozdzial-2-rozpoczecie-projektu\/\"><span style=\"text-decoration: underline\">Kliknij, aby przej\u015b\u0107 do rozdzia\u0142u<\/span><\/a><\/strong>[\/et_pb_blurb][et_pb_blurb title=&#8221;Rozdzia\u0142 3: Planowanie projektu&#8221; url=&#8221;#&#8221; url_new_window=&#8221;on&#8221; image=&#8221;https:\/\/elearn.jaeurope.org\/network\/pm\/wp-content\/uploads\/sites\/2\/2022\/08\/coding-iconArtboard-19-copy-9.png&#8221; icon_placement=&#8221;left&#8221; image_icon_width=&#8221;64px&#8221; content_max_width=&#8221;1100px&#8221; admin_label=&#8221;Chapter&#8221; _builder_version=&#8221;4.18.0&#8243; header_font=&#8221;|on|||&#8221; header_line_height=&#8221;1.5em&#8221; body_line_height=&#8221;1.9em&#8221; background_color=&#8221;#ffffff&#8221; custom_margin=&#8221;|||&#8221; custom_padding=&#8221;30px|40px|30px|40px&#8221; animation_style=&#8221;zoom&#8221; animation_direction=&#8221;bottom&#8221; animation_intensity_zoom=&#8221;20%&#8221; animation_starting_opacity=&#8221;100%&#8221; hover_enabled=&#8221;0&#8243; box_shadow_style=&#8221;preset2&#8243; box_shadow_horizontal=&#8221;0px&#8221; box_shadow_vertical=&#8221;0px&#8221; box_shadow_blur=&#8221;60px&#8221; box_shadow_color=&#8221;rgba(71,74,182,0.12)&#8221; image_max_width=&#8221;64px&#8221; locked=&#8221;off&#8221; global_colors_info=&#8221;{}&#8221; sticky_enabled=&#8221;0&#8243;]Bez starannego planowania zar\u00f3wno kierownik projektu, jak i zesp\u00f3\u0142 mog\u0105 mie\u0107 trudno\u015bci z osi\u0105gni\u0119ciem sukcesu. W tym module nauczycie si\u0119, jak zaplanowa\u0107 r\u00f3\u017cne fazy projektu i podzieli\u0107 je na zadania.<\/p>\n<p><a href=\"https:\/\/elearn.jaeurope.org\/pm\/pl\/zarzadzanie-projektem\/rozdzial-3-planowanie-projektu\/\"><strong><span style=\"text-decoration: underline\">Kliknij, aby przej\u015b\u0107 do rozdzia\u0142u<\/span><\/strong><\/a>[\/et_pb_blurb][et_pb_blurb title=&#8221;Rozdzia\u0142 4: Realizacja, monitoring i kontrola&#8221; url=&#8221;#&#8221; url_new_window=&#8221;on&#8221; image=&#8221;https:\/\/elearn.jaeurope.org\/network\/pm\/wp-content\/uploads\/sites\/2\/2022\/08\/coding-icon_16.png&#8221; icon_placement=&#8221;left&#8221; image_icon_width=&#8221;64px&#8221; content_max_width=&#8221;1100px&#8221; admin_label=&#8221;Chapter&#8221; _builder_version=&#8221;4.18.0&#8243; header_font=&#8221;|on|||&#8221; header_line_height=&#8221;1.5em&#8221; body_line_height=&#8221;1.9em&#8221; background_color=&#8221;#ffffff&#8221; custom_margin=&#8221;|||&#8221; custom_padding=&#8221;30px|40px|30px|40px&#8221; animation_style=&#8221;zoom&#8221; animation_direction=&#8221;bottom&#8221; animation_intensity_zoom=&#8221;20%&#8221; animation_starting_opacity=&#8221;100%&#8221; hover_enabled=&#8221;0&#8243; box_shadow_style=&#8221;preset2&#8243; box_shadow_horizontal=&#8221;0px&#8221; box_shadow_vertical=&#8221;0px&#8221; box_shadow_blur=&#8221;60px&#8221; box_shadow_color=&#8221;rgba(71,74,182,0.12)&#8221; image_max_width=&#8221;64px&#8221; locked=&#8221;off&#8221; global_colors_info=&#8221;{}&#8221; sticky_enabled=&#8221;0&#8243;]Realizacja, czyli wykonanie wyznaczonych zada\u0144, wi\u0105\u017ce si\u0119 z wprowadzeniem w \u017cycie planu projektu. Plan jest punktem odniesienia do wszystkich podejmowanych dzia\u0142a\u0144. Dzi\u0119ki temu zamierzone cele projektu mog\u0105 by\u0107 osi\u0105gni\u0119te na czas i w ramach zaplanowanego bud\u017cetu.<\/p>\n<p><a href=\"https:\/\/elearn.jaeurope.org\/pm\/pl\/zarzadzanie-projektem\/rozdzial-4-realizacja-monitoring-i-kontrola\/\"><strong><span style=\"text-decoration: underline\">Kliknij, aby przej\u015b\u0107 do rozdzia\u0142u<\/span><\/strong><\/a>[\/et_pb_blurb][et_pb_blurb title=&#8221;Rozdzia\u0142 5: Zamkni\u0119cie projektu&#8221; url=&#8221;#&#8221; url_new_window=&#8221;on&#8221; image=&#8221;https:\/\/elearn.jaeurope.org\/network\/pm\/wp-content\/uploads\/sites\/2\/2022\/08\/coding-iconArtboard-19-copy-8.png&#8221; icon_placement=&#8221;left&#8221; image_icon_width=&#8221;64px&#8221; content_max_width=&#8221;1100px&#8221; admin_label=&#8221;Chapter&#8221; _builder_version=&#8221;4.18.0&#8243; header_font=&#8221;|on|||&#8221; header_line_height=&#8221;1.5em&#8221; body_line_height=&#8221;1.9em&#8221; background_color=&#8221;#ffffff&#8221; custom_margin=&#8221;|||&#8221; custom_padding=&#8221;30px|40px|30px|40px&#8221; animation_style=&#8221;zoom&#8221; animation_direction=&#8221;bottom&#8221; animation_intensity_zoom=&#8221;20%&#8221; animation_starting_opacity=&#8221;100%&#8221; hover_enabled=&#8221;0&#8243; box_shadow_style=&#8221;preset2&#8243; box_shadow_horizontal=&#8221;0px&#8221; box_shadow_vertical=&#8221;0px&#8221; box_shadow_blur=&#8221;60px&#8221; box_shadow_color=&#8221;rgba(71,74,182,0.12)&#8221; image_max_width=&#8221;64px&#8221; locked=&#8221;off&#8221; global_colors_info=&#8221;{}&#8221; sticky_enabled=&#8221;0&#8243;]Uko\u0144czenie projektu to wa\u017cne osi\u0105gni\u0119cie i rezultat ci\u0119\u017ckiej pracy. To czas na wyci\u0105gni\u0119cie wniosk\u00f3w i \u015bwi\u0119towanie sukcesu.<\/p>\n<p><a href=\"https:\/\/elearn.jaeurope.org\/pm\/pl\/zarzadzanie-projektem\/rozdzial-5-zamkniecie-projektu\/\"><strong><span style=\"text-decoration: underline\">Kliknij, aby przej\u015b\u0107 do rozdzia\u0142u<\/span><\/strong><\/a>[\/et_pb_blurb][et_pb_blurb title=&#8221;Przewodnik dla nauczyciela&#8221; url=&#8221;#&#8221; url_new_window=&#8221;on&#8221; image=&#8221;https:\/\/elearn.jaeurope.org\/network\/pm\/wp-content\/uploads\/sites\/2\/2022\/08\/coding-icon_2.png&#8221; icon_placement=&#8221;left&#8221; image_icon_width=&#8221;64px&#8221; content_max_width=&#8221;1100px&#8221; admin_label=&#8221;Chapter&#8221; _builder_version=&#8221;4.18.0&#8243; header_font=&#8221;|on|||&#8221; header_line_height=&#8221;1.5em&#8221; body_line_height=&#8221;1.9em&#8221; background_color=&#8221;#ffffff&#8221; custom_margin=&#8221;|||&#8221; custom_padding=&#8221;30px|40px|30px|40px&#8221; animation_style=&#8221;zoom&#8221; animation_direction=&#8221;bottom&#8221; animation_intensity_zoom=&#8221;20%&#8221; animation_starting_opacity=&#8221;100%&#8221; box_shadow_style=&#8221;preset2&#8243; box_shadow_horizontal=&#8221;0px&#8221; box_shadow_vertical=&#8221;0px&#8221; box_shadow_blur=&#8221;60px&#8221; box_shadow_color=&#8221;rgba(71,74,182,0.12)&#8221; image_max_width=&#8221;64px&#8221; locked=&#8221;off&#8221; global_colors_info=&#8221;{}&#8221;]<\/p>\n<p>Niniejszy przewodnik jest przeznaczony dla nauczycieli lub wolontariuszy pracuj\u0105cych z uczniami. Dowiesz si\u0119 z niego, jakie tre\u015bci prezentujemy w ka\u017cdym z rozdzia\u0142\u00f3w, a tak\u017ce w jaki spos\u00f3b mo\u017cna zrealizowa\u0107 poszczeg\u00f3lne zadania.<\/p>\n<p><strong><a style=\"text-decoration: underline\" href=\"https:\/\/elearn.jaeurope.org\/network\/pm\/wp-content\/uploads\/sites\/2\/2022\/08\/PMI-Teacher-Guidebook-PL.pdf\">Pobierz przewodnik<\/a><\/strong><\/p>\n<p>[\/et_pb_blurb][\/et_pb_column_inner][\/et_pb_row_inner][\/et_pb_column][et_pb_column type=&#8221;1_3&#8243; _builder_version=&#8221;4.16&#8243; custom_padding=&#8221;|||&#8221; global_colors_info=&#8221;{}&#8221; padding_top__hover=&#8221;0px&#8221; parallax__hover=&#8221;off&#8221; parallax_method__hover=&#8221;on&#8221; custom_padding__hover=&#8221;|||&#8221;][\/et_pb_column][\/et_pb_section]<\/p>\n","protected":false},"excerpt":{"rendered":"<p>Zarz\u0105dzanie projektem 1.5 godz.Na tym kursie e-learningowym nauczysz si\u0119 podstaw zarz\u0105dzania projektami, a tak\u017ce zdob\u0119dziesz umiej\u0119tno\u015bci, kt\u00f3re mo\u017cna zastosowa\u0107 w realizacji dowolnego projektu. All images supplied by Freepik Wszyscy jeste\u015bmy zaanga\u017cowani w pewne aspekty zarz\u0105dzania projektami. W rzeczywisto\u015bci prawdopodobnie od d\u0142u\u017cszego czasu robicie to w swoim codziennym \u017cyciu, nie zdaj\u0105c sobie z tego sprawy. Kliknij, [&hellip;]<\/p>\n","protected":false},"author":1,"featured_media":0,"parent":0,"menu_order":0,"comment_status":"closed","ping_status":"closed","template":"","meta":{"_et_pb_use_builder":"on","_et_pb_old_content":"<!-- wp:divi\/placeholder \/-->","_et_gb_content_width":"","footnotes":""},"class_list":["post-841","page","type-page","status-publish","hentry"],"_links":{"self":[{"href":"https:\/\/elearn.jaeurope.org\/pm\/wp-json\/wp\/v2\/pages\/841"}],"collection":[{"href":"https:\/\/elearn.jaeurope.org\/pm\/wp-json\/wp\/v2\/pages"}],"about":[{"href":"https:\/\/elearn.jaeurope.org\/pm\/wp-json\/wp\/v2\/types\/page"}],"author":[{"embeddable":true,"href":"https:\/\/elearn.jaeurope.org\/pm\/wp-json\/wp\/v2\/users\/1"}],"replies":[{"embeddable":true,"href":"https:\/\/elearn.jaeurope.org\/pm\/wp-json\/wp\/v2\/comments?post=841"}],"version-history":[{"count":0,"href":"https:\/\/elearn.jaeurope.org\/pm\/wp-json\/wp\/v2\/pages\/841\/revisions"}],"wp:attachment":[{"href":"https:\/\/elearn.jaeurope.org\/pm\/wp-json\/wp\/v2\/media?parent=841"}],"curies":[{"name":"wp","href":"https:\/\/api.w.org\/{rel}","templated":true}]}}