{"id":271,"date":"2021-11-04T17:26:48","date_gmt":"2021-11-04T17:26:48","guid":{"rendered":"https:\/\/elearn.jaeurope.org\/pm\/?page_id=271"},"modified":"2021-11-04T17:26:48","modified_gmt":"2021-11-04T17:26:48","slug":"start-romana","status":"publish","type":"page","link":"https:\/\/elearn.jaeurope.org\/pm\/ro\/start-romana\/","title":{"rendered":"Start &#8211; Rom\u00e2n\u0103"},"content":{"rendered":"<p>[et_pb_section fb_built=&#8221;1&#8243; admin_label=&#8221;Course Hero&#8221; _builder_version=&#8221;4.16&#8243; custom_padding=&#8221;50px|0px|180px|0px|false|false&#8221; animation_style=&#8221;slide&#8221; animation_direction=&#8221;top&#8221; animation_intensity_slide=&#8221;2%&#8221; locked=&#8221;off&#8221; global_colors_info=&#8221;{}&#8221; background_enable_color=&#8221;off&#8221; use_background_color_gradient=&#8221;on&#8221; background_color_gradient_direction=&#8221;90deg&#8221; background_color_gradient_stops=&#8221;#00a0af 14%|#e3e24f 99%&#8221; background_color_gradient_start=&#8221;#00763c&#8221; background_color_gradient_end=&#8221;#a6dc02&#8243; background_image=&#8221;https:\/\/elearn.jaeurope.org\/network\/pm\/wp-content\/uploads\/sites\/2\/2021\/06\/coding-background-texture.jpg&#8221; background_blend=&#8221;overlay&#8221;][et_pb_row column_structure=&#8221;1_2,1_2&#8243; _builder_version=&#8221;4.16&#8243; custom_margin=&#8221;|||&#8221; custom_width_px=&#8221;1280px&#8221; global_colors_info=&#8221;{}&#8221;][et_pb_column type=&#8221;1_2&#8243; _builder_version=&#8221;4.16&#8243; custom_padding=&#8221;|||&#8221; global_colors_info=&#8221;{}&#8221; custom_padding__hover=&#8221;|||&#8221;][et_pb_text _builder_version=&#8221;4.18.0&#8243; header_font=&#8221;|800||on|||||&#8221; header_font_size=&#8221;55px&#8221; header_line_height=&#8221;1.3em&#8221; background_layout=&#8221;dark&#8221; min_height=&#8221;124px&#8221; custom_margin=&#8221;0px||||false|false&#8221; custom_padding=&#8221;|||&#8221; header_font_size_tablet=&#8221;&#8221; header_font_size_phone=&#8221;&#8221; header_font_size_last_edited=&#8221;on|desktop&#8221; locked=&#8221;off&#8221; global_colors_info=&#8221;{}&#8221; text_font=&#8221;||||||||&#8221; hover_enabled=&#8221;0&#8243; sticky_enabled=&#8221;0&#8243;]<\/p>\n<h1>Managementul proiectelor<\/h1>\n<h4>1.5 ore<\/span><\/h4>\n<p>[\/et_pb_text][et_pb_text _builder_version=&#8221;4.18.0&#8243; locked=&#8221;off&#8221; global_colors_info=&#8221;{}&#8221; sticky_enabled=&#8221;0&#8243; text_font=&#8221;|600|||||||&#8221; text_text_color=&#8221;#FFFFFF&#8221; text_font_size=&#8221;20px&#8221; text_line_height=&#8221;1.75em&#8221; custom_padding=&#8221;0px|||||&#8221;]Acest modul digital despre managementul proiectelor este creat pentru a-i oferi utilizatorului oportunitatea de a parcurge toate etapele procesului de management de proiect \u0219i de a \u00eenv\u0103\u021ba despre abilit\u0103\u021bile \u0219i conceptele specifice, aplicabile oric\u0103rui proiect.<\/p>\n<p><span style=\"font-size: small\"><span style=\"font-size: x-small\">Imagini:<\/span> <a href=\"https:\/\/www.freepik.com\/vectors\/business\">Freepik<\/a><\/span><span style=\"font-weight: 400\"><\/span><\/p>\n<p><span style=\"font-weight: 400\"><\/span>[\/et_pb_text][et_pb_button button_url=&#8221;https:\/\/elearn.jaeurope.org\/pm\/ro\/start-romana\/chapter-1-introduction-to-project-management\/#start&#8221; button_text=&#8221;S\u0103 \u00eencepem&#8221; _builder_version=&#8221;4.16&#8243; custom_button=&#8221;on&#8221; button_text_size=&#8221;16px&#8221; button_border_width=&#8221;2px&#8221; button_border_color=&#8221;#00763C&#8221; button_border_radius=&#8221;4px&#8221; button_letter_spacing=&#8221;1px&#8221; button_font=&#8221;|on||on|&#8221; button_icon=&#8221;&#x45;||divi||400&#8243; button_on_hover=&#8221;off&#8221; custom_margin=&#8221;20px|||&#8221; animation_style=&#8221;zoom&#8221; animation_delay=&#8221;100ms&#8221; animation_intensity_zoom=&#8221;10%&#8221; box_shadow_style=&#8221;preset1&#8243; box_shadow_vertical=&#8221;10px&#8221; box_shadow_blur=&#8221;50px&#8221; box_shadow_spread=&#8221;5px&#8221; box_shadow_color=&#8221;rgba(0,188,160,0.6)&#8221; button_letter_spacing_hover=&#8221;2px&#8221; saved_tabs=&#8221;all&#8221; locked=&#8221;off&#8221; global_colors_info=&#8221;{}&#8221; button_text_size__hover_enabled=&#8221;off&#8221; button_text_size__hover=&#8221;null&#8221; button_one_text_size__hover_enabled=&#8221;off&#8221; button_one_text_size__hover=&#8221;null&#8221; button_two_text_size__hover_enabled=&#8221;off&#8221; button_two_text_size__hover=&#8221;null&#8221; button_text_color__hover_enabled=&#8221;off&#8221; button_text_color__hover=&#8221;null&#8221; button_one_text_color__hover_enabled=&#8221;off&#8221; button_one_text_color__hover=&#8221;null&#8221; button_two_text_color__hover_enabled=&#8221;off&#8221; button_two_text_color__hover=&#8221;null&#8221; button_border_width__hover_enabled=&#8221;off&#8221; button_border_width__hover=&#8221;null&#8221; button_one_border_width__hover_enabled=&#8221;off&#8221; button_one_border_width__hover=&#8221;null&#8221; button_two_border_width__hover_enabled=&#8221;off&#8221; button_two_border_width__hover=&#8221;null&#8221; button_border_color__hover_enabled=&#8221;off&#8221; button_border_color__hover=&#8221;null&#8221; button_one_border_color__hover_enabled=&#8221;off&#8221; button_one_border_color__hover=&#8221;null&#8221; button_two_border_color__hover_enabled=&#8221;off&#8221; button_two_border_color__hover=&#8221;null&#8221; button_border_radius__hover_enabled=&#8221;off&#8221; button_border_radius__hover=&#8221;null&#8221; button_one_border_radius__hover_enabled=&#8221;off&#8221; button_one_border_radius__hover=&#8221;null&#8221; button_two_border_radius__hover_enabled=&#8221;off&#8221; button_two_border_radius__hover=&#8221;null&#8221; button_letter_spacing__hover_enabled=&#8221;on&#8221; button_letter_spacing__hover=&#8221;2px&#8221; button_one_letter_spacing__hover_enabled=&#8221;off&#8221; button_one_letter_spacing__hover=&#8221;null&#8221; button_two_letter_spacing__hover_enabled=&#8221;off&#8221; button_two_letter_spacing__hover=&#8221;null&#8221; button_bg_color__hover_enabled=&#8221;off&#8221; button_bg_color__hover=&#8221;null&#8221; button_one_bg_color__hover_enabled=&#8221;off&#8221; button_one_bg_color__hover=&#8221;null&#8221; button_two_bg_color__hover_enabled=&#8221;off&#8221; button_two_bg_color__hover=&#8221;null&#8221; custom_padding=&#8221;13px|29px|13px|29px|true|true&#8221;][\/et_pb_button][\/et_pb_column][et_pb_column type=&#8221;1_2&#8243; _builder_version=&#8221;4.16&#8243; custom_padding=&#8221;|||&#8221; global_colors_info=&#8221;{}&#8221; custom_padding__hover=&#8221;|||&#8221;][et_pb_image src=&#8221;https:\/\/elearn.jaeurope.org\/network\/pm\/wp-content\/uploads\/sites\/2\/2021\/06\/coding-isometric-11.png&#8221; align_tablet=&#8221;center&#8221; align_phone=&#8221;&#8221; align_last_edited=&#8221;on|desktop&#8221; _builder_version=&#8221;4.16&#8243; animation_style=&#8221;zoom&#8221; animation_direction=&#8221;left&#8221; animation_intensity_zoom=&#8221;20%&#8221; global_colors_info=&#8221;{}&#8221;][\/et_pb_image][\/et_pb_column][\/et_pb_row][\/et_pb_section][et_pb_section fb_built=&#8221;1&#8243; specialty=&#8221;on&#8221; padding_top_2=&#8221;0px&#8221; admin_label=&#8221;Course Chapters&#8221; _builder_version=&#8221;4.16&#8243; custom_margin=&#8221;|||&#8221; custom_padding=&#8221;0px||120px|&#8221; global_colors_info=&#8221;{}&#8221;][et_pb_column type=&#8221;2_3&#8243; specialty_columns=&#8221;2&#8243; _builder_version=&#8221;4.16&#8243; custom_padding=&#8221;|||&#8221; global_colors_info=&#8221;{}&#8221; parallax__hover=&#8221;off&#8221; parallax_method__hover=&#8221;on&#8221; custom_padding__hover=&#8221;|||&#8221;][et_pb_row_inner use_custom_gutter=&#8221;on&#8221; gutter_width=&#8221;4&#8243; _builder_version=&#8221;4.16&#8243; custom_margin=&#8221;-80px|||&#8221; custom_padding=&#8221;0px|||&#8221; link_option_url=&#8221;https:\/\/elearn.jaeurope.org\/pm\/ro\/start-romana\/chapter-1-introduction-to-project-management#start&#8221; global_colors_info=&#8221;{}&#8221;][et_pb_column_inner saved_specialty_column_type=&#8221;2_3&#8243; _builder_version=&#8221;4.16&#8243; custom_padding=&#8221;|||&#8221; global_colors_info=&#8221;{}&#8221; parallax__hover=&#8221;off&#8221; parallax_method__hover=&#8221;on&#8221; custom_padding__hover=&#8221;|||&#8221;][et_pb_blurb title=&#8221;Capitolul 1: Introducere \u00een managementul proiectelor&#8221; url=&#8221;https:\/\/elearn.jaeurope.org\/pm\/start-romana\/chapter-1-introduction-to-project-management\/&#8221; url_new_window=&#8221;on&#8221; image=&#8221;https:\/\/elearn.jaeurope.org\/network\/pm\/wp-content\/uploads\/sites\/2\/2022\/08\/coding-icon_4.png&#8221; icon_placement=&#8221;left&#8221; image_icon_width=&#8221;64px&#8221; content_max_width=&#8221;1100px&#8221; admin_label=&#8221;Chapter&#8221; _builder_version=&#8221;4.18.0&#8243; header_font=&#8221;|on|||&#8221; header_line_height=&#8221;1.5em&#8221; body_font_size=&#8221;16px&#8221; body_line_height=&#8221;1.9em&#8221; custom_margin=&#8221;|||&#8221; custom_padding=&#8221;30px|40px|30px|40px&#8221; animation_style=&#8221;zoom&#8221; animation_direction=&#8221;bottom&#8221; animation_intensity_zoom=&#8221;20%&#8221; animation_starting_opacity=&#8221;100%&#8221; box_shadow_style=&#8221;preset2&#8243; box_shadow_horizontal=&#8221;0px&#8221; box_shadow_vertical=&#8221;0px&#8221; box_shadow_blur=&#8221;60px&#8221; box_shadow_color=&#8221;rgba(71,74,182,0.12)&#8221; image_max_width=&#8221;64px&#8221; locked=&#8221;off&#8221; global_colors_info=&#8221;{}&#8221; background_color=&#8221;#ffffff&#8221; hover_enabled=&#8221;0&#8243; sticky_enabled=&#8221;0&#8243; title_text=&#8221;coding-icon_4&#8243;]<\/p>\n<p>\u00cen capitolul \u201eIntroducere \u00een managementul proiectelor\u201c, elevii observ\u0103 mai \u00eendeaproape ce \u00eenseamn\u0103 managementul proiectelor \u0219i ce presupun diferitele etape ale unui proiect.<\/p>\n<p><a href=\"https:\/\/elearn.jaeurope.org\/pm\/start-romana\/chapter-1-introduction-to-project-management#start\"><strong><span style=\"text-decoration: underline\">Click pentru a \u00eencepe<\/span><\/strong><\/a><\/p>\n<p>[\/et_pb_blurb][et_pb_blurb title=&#8221;Capitolul 2: Ini\u021bierea proiectului&#8221; url=&#8221;#&#8221; image=&#8221;https:\/\/elearn.jaeurope.org\/network\/pm\/wp-content\/uploads\/sites\/2\/2022\/08\/coding-icon_12.png&#8221; icon_placement=&#8221;left&#8221; image_icon_width=&#8221;64px&#8221; content_max_width=&#8221;1100px&#8221; admin_label=&#8221;Chapter&#8221; _builder_version=&#8221;4.18.0&#8243; header_font=&#8221;|on|||&#8221; header_line_height=&#8221;1.5em&#8221; body_font_size=&#8221;16px&#8221; body_line_height=&#8221;1.9em&#8221; custom_margin=&#8221;|||&#8221; custom_padding=&#8221;30px|40px|30px|40px&#8221; animation_style=&#8221;zoom&#8221; animation_direction=&#8221;bottom&#8221; animation_intensity_zoom=&#8221;20%&#8221; animation_starting_opacity=&#8221;100%&#8221; link_option_url=&#8221;https:\/\/elearn.jaeurope.org\/pm\/ro\/start-romana\/chapter-2-initiating-the-project#start&#8221; box_shadow_style=&#8221;preset2&#8243; box_shadow_horizontal=&#8221;0px&#8221; box_shadow_vertical=&#8221;0px&#8221; box_shadow_blur=&#8221;60px&#8221; box_shadow_color=&#8221;rgba(71,74,182,0.12)&#8221; image_max_width=&#8221;64px&#8221; locked=&#8221;off&#8221; global_colors_info=&#8221;{}&#8221; url_new_window=&#8221;on&#8221; background_color=&#8221;#ffffff&#8221; hover_enabled=&#8221;0&#8243; sticky_enabled=&#8221;0&#8243; title_text=&#8221;coding-icon_12&#8243;]<\/p>\n<p>\u00cen capitolul \u201eIni\u021bierea proiectului\u201c, elevii cunosc mai bine membrii echipei.<\/p>\n<p>Ace\u0219tia \u00eei ghideaz\u0103 prin diferitele etape ale procesului de ini\u021biere.<\/p>\n<p><strong><a href=\"https:\/\/elearn.jaeurope.org\/pm\/ro\/start-romana\/chapter-2-initiating-the-project#start\"><span style=\"text-decoration: underline\">Click pentru a \u00eencepe<\/span><\/a><\/strong><\/p>\n<p>[\/et_pb_blurb][et_pb_blurb title=&#8221;Capitolul 3: Planificarea proiectului &#8221; url=&#8221;https:\/\/elearn.jaeurope.org\/pm\/ro\/start-romana\/chapter-3-planning-the-project-romana#start&#8221; image=&#8221;https:\/\/elearn.jaeurope.org\/network\/pm\/wp-content\/uploads\/sites\/2\/2022\/08\/coding-iconArtboard-19-copy-9.png&#8221; icon_placement=&#8221;left&#8221; image_icon_width=&#8221;64px&#8221; content_max_width=&#8221;1100px&#8221; admin_label=&#8221;Chapter&#8221; _builder_version=&#8221;4.18.0&#8243; header_font=&#8221;|on|||&#8221; header_line_height=&#8221;1.5em&#8221; body_font_size=&#8221;16px&#8221; body_line_height=&#8221;1.9em&#8221; custom_margin=&#8221;|||&#8221; custom_padding=&#8221;30px|40px|30px|40px&#8221; animation_style=&#8221;zoom&#8221; animation_direction=&#8221;bottom&#8221; animation_intensity_zoom=&#8221;20%&#8221; animation_starting_opacity=&#8221;100%&#8221; link_option_url=&#8221;https:\/\/elearn.jaeurope.org\/pm\/ro\/start-romana\/chapter-3-planning-the-project-romana#start&#8221; box_shadow_style=&#8221;preset2&#8243; box_shadow_horizontal=&#8221;0px&#8221; box_shadow_vertical=&#8221;0px&#8221; box_shadow_blur=&#8221;60px&#8221; box_shadow_color=&#8221;rgba(71,74,182,0.12)&#8221; image_max_width=&#8221;64px&#8221; locked=&#8221;off&#8221; global_colors_info=&#8221;{}&#8221; url_new_window=&#8221;on&#8221; background_color=&#8221;#ffffff&#8221; hover_enabled=&#8221;0&#8243; sticky_enabled=&#8221;0&#8243; title_text=&#8221;coding-iconArtboard-19-copy-9&#8243;]<\/p>\n<p>Scopul acestui capitol este ca elevii s\u0103 \u00een\u021beleag\u0103 mai bine ce presupune planificarea unui proiect \u0219i ce ac\u021biuni include:<\/p>\n<ul>\n<li>Organizarea muncii \u00een activit\u0103\u021bi<\/li>\n<li>Stabilirea activit\u0103\u021bilor prioritare<\/li>\n<li>Estimarea timpului necesar pentru fiecare activitate<\/li>\n<li>Atribuirea de roluri \u0219i responsabilit\u0103\u021bi<\/li>\n<\/ul>\n<p><a href=\"https:\/\/elearn.jaeurope.org\/pm\/ro\/start-romana\/chapter-3-planning-the-project-romana#start\"><strong><span style=\"text-decoration: underline\">Click pentru a \u00eencepe<\/span><\/strong><\/a><\/p>\n<p>[\/et_pb_blurb][et_pb_blurb title=&#8221;Capitolul 4: Execu\u021bia, monitorizarea \u0219i controlul&#8221; url=&#8221;https:\/\/elearn.jaeurope.org\/pm\/ro\/start-romana\/chapter-4-executing-monitoring-and-controlling-romana#start&#8221; image=&#8221;https:\/\/elearn.jaeurope.org\/network\/pm\/wp-content\/uploads\/sites\/2\/2022\/08\/coding-icon_16.png&#8221; icon_placement=&#8221;left&#8221; image_icon_width=&#8221;64px&#8221; content_max_width=&#8221;1100px&#8221; admin_label=&#8221;Chapter&#8221; _builder_version=&#8221;4.18.0&#8243; header_font=&#8221;|on|||&#8221; header_line_height=&#8221;1.5em&#8221; body_font_size=&#8221;16px&#8221; body_line_height=&#8221;1.9em&#8221; custom_margin=&#8221;|||&#8221; custom_padding=&#8221;30px|40px|30px|40px&#8221; animation_style=&#8221;zoom&#8221; animation_direction=&#8221;bottom&#8221; animation_intensity_zoom=&#8221;20%&#8221; animation_starting_opacity=&#8221;100%&#8221; link_option_url=&#8221;https:\/\/elearn.jaeurope.org\/pm\/ro\/start-romana\/chapter-4-executing-monitoring-and-controlling-romana#start&#8221; box_shadow_style=&#8221;preset2&#8243; box_shadow_horizontal=&#8221;0px&#8221; box_shadow_vertical=&#8221;0px&#8221; box_shadow_blur=&#8221;60px&#8221; box_shadow_color=&#8221;rgba(71,74,182,0.12)&#8221; image_max_width=&#8221;64px&#8221; locked=&#8221;off&#8221; global_colors_info=&#8221;{}&#8221; url_new_window=&#8221;on&#8221; background_color=&#8221;#ffffff&#8221; hover_enabled=&#8221;0&#8243; sticky_enabled=&#8221;0&#8243; title_text=&#8221;coding-icon_16&#8243;]<\/p>\n<p>Este momentul implement\u0103rii proiectului! Dup\u0103 o planificare minu\u021bioas\u0103, elevii pun \u00een aplicare proiectul. \u00cen acest capitol, ei lucreaz\u0103 conform planului de proiect.<\/p>\n<p><a href=\"https:\/\/elearn.jaeurope.org\/pm\/start\/chapter-4-executing-monitoring-controlling\/https:\/\/elearn.jaeurope.org\/pm\/ro\/start-romana\/chapter-4-executing-monitoring-and-controlling-romana#start\"><strong><span style=\"text-decoration: underline\">Click pentru a \u00eencepe<\/span><\/strong><\/a><\/p>\n<p>[\/et_pb_blurb][et_pb_blurb title=&#8221;Capitolul 5: \u00cencheierea proiectului&#8221; url=&#8221;https:\/\/elearn.jaeurope.org\/pm\/ro\/start-romana\/chapter-5-closing-the-project#start&#8221; image=&#8221;https:\/\/elearn.jaeurope.org\/network\/pm\/wp-content\/uploads\/sites\/2\/2022\/08\/coding-iconArtboard-19-copy-8.png&#8221; icon_placement=&#8221;left&#8221; image_icon_width=&#8221;64px&#8221; content_max_width=&#8221;1100px&#8221; admin_label=&#8221;Chapter&#8221; _builder_version=&#8221;4.18.0&#8243; header_font=&#8221;|on|||&#8221; header_line_height=&#8221;1.5em&#8221; body_font_size=&#8221;16px&#8221; body_line_height=&#8221;1.9em&#8221; custom_margin=&#8221;|||&#8221; custom_padding=&#8221;30px|40px|30px|40px&#8221; animation_style=&#8221;zoom&#8221; animation_direction=&#8221;bottom&#8221; animation_intensity_zoom=&#8221;20%&#8221; animation_starting_opacity=&#8221;100%&#8221; link_option_url=&#8221;https:\/\/elearn.jaeurope.org\/pm\/ro\/start-romana\/chapter-5-closing-the-project#start&#8221; box_shadow_style=&#8221;preset2&#8243; box_shadow_horizontal=&#8221;0px&#8221; box_shadow_vertical=&#8221;0px&#8221; box_shadow_blur=&#8221;60px&#8221; box_shadow_color=&#8221;rgba(71,74,182,0.12)&#8221; image_max_width=&#8221;64px&#8221; locked=&#8221;off&#8221; global_colors_info=&#8221;{}&#8221; url_new_window=&#8221;on&#8221; background_color=&#8221;#ffffff&#8221; hover_enabled=&#8221;0&#8243; sticky_enabled=&#8221;0&#8243; title_text=&#8221;coding-iconArtboard-19-copy-8&#8243;]<\/p>\n<p>Este momentul finaliz\u0103rii proiectului! Echipa a muncit din greu ca s\u0103 organizeze evenimentul de lansare visat, iar acesta s-a dovedit a fi un succes.<\/p>\n<p><a href=\"https:\/\/elearn.jaeurope.org\/pm\/ro\/start-romana\/chapter-5-closing-the-project#start\"><strong><span style=\"text-decoration: underline\">Click pentru a \u00eencepe<\/span><\/strong><\/a><\/p>\n<p>[\/et_pb_blurb][et_pb_blurb title=&#8221;Ghidul profesorului&#8221; url=&#8221;https:\/\/elearn.jaeurope.org\/pm\/ro\/start-romana\/chapter-5-closing-the-project#start&#8221; image=&#8221;https:\/\/elearn.jaeurope.org\/network\/pm\/wp-content\/uploads\/sites\/2\/2022\/08\/coding-icon_2.png&#8221; icon_placement=&#8221;left&#8221; image_icon_width=&#8221;64px&#8221; content_max_width=&#8221;1100px&#8221; admin_label=&#8221;Chapter&#8221; _builder_version=&#8221;4.18.0&#8243; header_font=&#8221;|on|||&#8221; header_line_height=&#8221;1.5em&#8221; body_font_size=&#8221;16px&#8221; body_line_height=&#8221;1.9em&#8221; custom_margin=&#8221;|||&#8221; custom_padding=&#8221;30px|40px|30px|40px&#8221; animation_style=&#8221;zoom&#8221; animation_direction=&#8221;bottom&#8221; animation_intensity_zoom=&#8221;20%&#8221; animation_starting_opacity=&#8221;100%&#8221; link_option_url=&#8221;https:\/\/elearn.jaeurope.org\/pm\/ro\/start-romana\/chapter-5-closing-the-project#start&#8221; box_shadow_style=&#8221;preset2&#8243; box_shadow_horizontal=&#8221;0px&#8221; box_shadow_vertical=&#8221;0px&#8221; box_shadow_blur=&#8221;60px&#8221; box_shadow_color=&#8221;rgba(71,74,182,0.12)&#8221; image_max_width=&#8221;64px&#8221; locked=&#8221;off&#8221; global_colors_info=&#8221;{}&#8221; url_new_window=&#8221;on&#8221; background_color=&#8221;#ffffff&#8221; hover_enabled=&#8221;0&#8243; sticky_enabled=&#8221;0&#8243; title_text=&#8221;coding-icon_2&#8243;]<\/p>\n<p>Dac\u0103 \u00eent\u00e2mpina\u021bi dificult\u0103\u021bi \u00een parcurgerea celor cinci module, consulta\u021bi documentul cu instruc\u021biuni \u2013 \u201eGhidul profesorului \u0219i al consultantului voluntar\u201d. Acesta con\u021bine instruc\u021biuni pas cu pas despre cum pot fi parcurse modulele, at\u00e2t individual, c\u00e2t \u0219i \u00een echip\u0103.<\/p>\n<p><strong><a style=\"text-decoration: underline\" href=\"https:\/\/elearn.jaeurope.org\/network\/pm\/wp-content\/uploads\/sites\/2\/2021\/12\/PM_Ghid_profesori.pdf\">Click aici pentru desc\u0103rcare<\/a><\/strong><\/p>\n<p>[\/et_pb_blurb][\/et_pb_column_inner][\/et_pb_row_inner][\/et_pb_column][et_pb_column type=&#8221;1_3&#8243; _builder_version=&#8221;4.16&#8243; custom_padding=&#8221;|||&#8221; global_colors_info=&#8221;{}&#8221; padding_top__hover=&#8221;0px&#8221; parallax__hover=&#8221;off&#8221; parallax_method__hover=&#8221;on&#8221; custom_padding__hover=&#8221;|||&#8221;][\/et_pb_column][\/et_pb_section]<\/p>\n","protected":false},"excerpt":{"rendered":"<p>Managementul proiectelor 1.5 oreAcest modul digital despre managementul proiectelor este creat pentru a-i oferi utilizatorului oportunitatea de a parcurge toate etapele procesului de management de proiect \u0219i de a \u00eenv\u0103\u021ba despre abilit\u0103\u021bile \u0219i conceptele specifice, aplicabile oric\u0103rui proiect. Imagini: Freepik \u00cen capitolul \u201eIntroducere \u00een managementul proiectelor\u201c, elevii observ\u0103 mai \u00eendeaproape ce \u00eenseamn\u0103 managementul proiectelor \u0219i [&hellip;]<\/p>\n","protected":false},"author":2,"featured_media":0,"parent":0,"menu_order":0,"comment_status":"closed","ping_status":"closed","template":"","meta":{"_et_pb_use_builder":"on","_et_pb_old_content":"","_et_gb_content_width":"","footnotes":""},"class_list":["post-271","page","type-page","status-publish","hentry"],"_links":{"self":[{"href":"https:\/\/elearn.jaeurope.org\/pm\/wp-json\/wp\/v2\/pages\/271"}],"collection":[{"href":"https:\/\/elearn.jaeurope.org\/pm\/wp-json\/wp\/v2\/pages"}],"about":[{"href":"https:\/\/elearn.jaeurope.org\/pm\/wp-json\/wp\/v2\/types\/page"}],"author":[{"embeddable":true,"href":"https:\/\/elearn.jaeurope.org\/pm\/wp-json\/wp\/v2\/users\/2"}],"replies":[{"embeddable":true,"href":"https:\/\/elearn.jaeurope.org\/pm\/wp-json\/wp\/v2\/comments?post=271"}],"version-history":[{"count":0,"href":"https:\/\/elearn.jaeurope.org\/pm\/wp-json\/wp\/v2\/pages\/271\/revisions"}],"wp:attachment":[{"href":"https:\/\/elearn.jaeurope.org\/pm\/wp-json\/wp\/v2\/media?parent=271"}],"curies":[{"name":"wp","href":"https:\/\/api.w.org\/{rel}","templated":true}]}}