{"id":1173,"date":"2022-09-01T18:25:59","date_gmt":"2022-09-01T18:25:59","guid":{"rendered":"https:\/\/elearn.jaeurope.org\/pm\/?page_id=1173"},"modified":"2022-09-01T18:25:59","modified_gmt":"2022-09-01T18:25:59","slug":"projekti-juhtimine","status":"publish","type":"page","link":"https:\/\/elearn.jaeurope.org\/pm\/et\/projekti-juhtimine\/","title":{"rendered":"Projekti Juhtimine"},"content":{"rendered":"<p>[et_pb_section fb_built=&#8221;1&#8243; admin_label=&#8221;Course Hero&#8221; _builder_version=&#8221;4.18.0&#8243; background_enable_color=&#8221;off&#8221; use_background_color_gradient=&#8221;on&#8221; background_color_gradient_direction=&#8221;90deg&#8221; background_color_gradient_stops=&#8221;#00a0af 14%|#e3e24f 99%&#8221; background_color_gradient_start=&#8221;#00763c&#8221; background_color_gradient_end=&#8221;#a6dc02&#8243; background_image=&#8221;https:\/\/elearn.jaeurope.org\/network\/pm\/wp-content\/uploads\/sites\/2\/2021\/06\/coding-background-texture.jpg&#8221; background_blend=&#8221;overlay&#8221; custom_padding=&#8221;50px|0px|180px|0px|false|false&#8221; animation_style=&#8221;slide&#8221; animation_direction=&#8221;top&#8221; animation_intensity_slide=&#8221;2%&#8221; locked=&#8221;off&#8221; global_colors_info=&#8221;{}&#8221;][et_pb_row column_structure=&#8221;1_2,1_2&#8243; _builder_version=&#8221;4.18.0&#8243; custom_margin=&#8221;|||&#8221; custom_padding=&#8221;0px||||false|false&#8221; custom_width_px=&#8221;1280px&#8221; global_colors_info=&#8221;{}&#8221;][et_pb_column type=&#8221;1_2&#8243; _builder_version=&#8221;4.16&#8243; custom_padding=&#8221;|||&#8221; global_colors_info=&#8221;{}&#8221; custom_padding__hover=&#8221;|||&#8221;][et_pb_text _builder_version=&#8221;4.18.0&#8243; text_font=&#8221;||||||||&#8221; header_font=&#8221;|800||on|||||&#8221; header_font_size=&#8221;60px&#8221; header_line_height=&#8221;1.3em&#8221; background_layout=&#8221;dark&#8221; min_height=&#8221;124px&#8221; custom_margin=&#8221;0px||||false|false&#8221; custom_padding=&#8221;|||&#8221; header_font_size_tablet=&#8221;&#8221; header_font_size_phone=&#8221;&#8221; header_font_size_last_edited=&#8221;on|desktop&#8221; locked=&#8221;off&#8221; global_colors_info=&#8221;{}&#8221;]<\/p>\n<h1>Projekti-juhtimine<\/h1>\n<h4>1.5 hours<\/h4>\n<p>[\/et_pb_text][et_pb_text _builder_version=&#8221;4.18.0&#8243; text_font=&#8221;|600|||||||&#8221; text_text_color=&#8221;#FFFFFF&#8221; text_font_size=&#8221;20px&#8221; text_line_height=&#8221;1.75em&#8221; custom_padding=&#8221;0px|||||&#8221; locked=&#8221;off&#8221; global_colors_info=&#8221;{}&#8221;]<\/p>\n<p>See projektijuhtimise e-\u00f5ppe moodul on loodud projektijuhtimise valdkonnast \u00fclevaate andmiseks. Samuti \u00f5petab see projektijuhtimise praktilisi \u00fclesandeid, mida saab kasutada \u00fcksk\u00f5ik millist projekti ellu viies.<\/p>\n<p><span style=\"font-size: small\"><span style=\"font-size: x-small\">All images supplied by<\/span> <a href=\"https:\/\/www.freepik.com\/vectors\/business\">Freepik<\/a><\/span><span style=\"font-weight: 400\"><\/span><\/p>\n<p><span style=\"font-weight: 400\"><\/span><\/p>\n<p>[\/et_pb_text][et_pb_button button_url=&#8221;https:\/\/elearn.jaeurope.org\/pm\/et\/projekti-juhtimine\/peatukk-1-sissejuhatus-projektijuhtimisse\/&#8221; button_text=&#8221;Alusta siin&#8221; _builder_version=&#8221;4.18.0&#8243; custom_button=&#8221;on&#8221; button_text_size=&#8221;16px&#8221; button_border_width=&#8221;2px&#8221; button_border_color=&#8221;#00763C&#8221; button_border_radius=&#8221;4px&#8221; button_letter_spacing=&#8221;1px&#8221; button_font=&#8221;|on||on|&#8221; button_icon=&#8221;&#x45;||divi||400&#8243; button_on_hover=&#8221;off&#8221; custom_margin=&#8221;20px|||&#8221; custom_padding=&#8221;13px|29px|13px|29px|true|true&#8221; animation_style=&#8221;zoom&#8221; animation_delay=&#8221;100ms&#8221; animation_intensity_zoom=&#8221;10%&#8221; box_shadow_style=&#8221;preset1&#8243; box_shadow_vertical=&#8221;10px&#8221; box_shadow_blur=&#8221;50px&#8221; box_shadow_spread=&#8221;5px&#8221; box_shadow_color=&#8221;rgba(0,188,160,0.6)&#8221; button_letter_spacing_hover=&#8221;2px&#8221; saved_tabs=&#8221;all&#8221; locked=&#8221;off&#8221; global_colors_info=&#8221;{}&#8221; button_text_size__hover_enabled=&#8221;off&#8221; button_text_size__hover=&#8221;null&#8221; button_one_text_size__hover_enabled=&#8221;off&#8221; button_one_text_size__hover=&#8221;null&#8221; button_two_text_size__hover_enabled=&#8221;off&#8221; button_two_text_size__hover=&#8221;null&#8221; button_text_color__hover_enabled=&#8221;off&#8221; button_text_color__hover=&#8221;null&#8221; button_one_text_color__hover_enabled=&#8221;off&#8221; button_one_text_color__hover=&#8221;null&#8221; button_two_text_color__hover_enabled=&#8221;off&#8221; button_two_text_color__hover=&#8221;null&#8221; button_border_width__hover_enabled=&#8221;off&#8221; button_border_width__hover=&#8221;null&#8221; button_one_border_width__hover_enabled=&#8221;off&#8221; button_one_border_width__hover=&#8221;null&#8221; button_two_border_width__hover_enabled=&#8221;off&#8221; button_two_border_width__hover=&#8221;null&#8221; button_border_color__hover_enabled=&#8221;off&#8221; button_border_color__hover=&#8221;null&#8221; button_one_border_color__hover_enabled=&#8221;off&#8221; button_one_border_color__hover=&#8221;null&#8221; button_two_border_color__hover_enabled=&#8221;off&#8221; button_two_border_color__hover=&#8221;null&#8221; button_border_radius__hover_enabled=&#8221;off&#8221; button_border_radius__hover=&#8221;null&#8221; button_one_border_radius__hover_enabled=&#8221;off&#8221; button_one_border_radius__hover=&#8221;null&#8221; button_two_border_radius__hover_enabled=&#8221;off&#8221; button_two_border_radius__hover=&#8221;null&#8221; button_letter_spacing__hover_enabled=&#8221;on&#8221; button_letter_spacing__hover=&#8221;2px&#8221; button_one_letter_spacing__hover_enabled=&#8221;off&#8221; button_one_letter_spacing__hover=&#8221;null&#8221; button_two_letter_spacing__hover_enabled=&#8221;off&#8221; button_two_letter_spacing__hover=&#8221;null&#8221; button_bg_color__hover_enabled=&#8221;off&#8221; button_bg_color__hover=&#8221;null&#8221; button_one_bg_color__hover_enabled=&#8221;off&#8221; button_one_bg_color__hover=&#8221;null&#8221; button_two_bg_color__hover_enabled=&#8221;off&#8221; button_two_bg_color__hover=&#8221;null&#8221;][\/et_pb_button][\/et_pb_column][et_pb_column type=&#8221;1_2&#8243; _builder_version=&#8221;4.18.0&#8243; custom_padding=&#8221;|||&#8221; custom_css_main_element=&#8221;vertical-align: middle;&#8221; global_colors_info=&#8221;{}&#8221; custom_padding__hover=&#8221;|||&#8221;][et_pb_image src=&#8221;https:\/\/elearn.jaeurope.org\/network\/pm\/wp-content\/uploads\/sites\/2\/2021\/06\/coding-isometric-11.png&#8221; align=&#8221;center&#8221; align_tablet=&#8221;center&#8221; align_phone=&#8221;&#8221; align_last_edited=&#8221;on|desktop&#8221; _builder_version=&#8221;4.18.0&#8243; animation_style=&#8221;zoom&#8221; animation_direction=&#8221;left&#8221; animation_intensity_zoom=&#8221;20%&#8221; global_colors_info=&#8221;{}&#8221;][\/et_pb_image][\/et_pb_column][\/et_pb_row][\/et_pb_section][et_pb_section fb_built=&#8221;1&#8243; specialty=&#8221;on&#8221; padding_top_2=&#8221;0px&#8221; admin_label=&#8221;Course Chapters&#8221; _builder_version=&#8221;4.16&#8243; custom_margin=&#8221;|||&#8221; custom_padding=&#8221;0px||120px|&#8221; global_colors_info=&#8221;{}&#8221;][et_pb_column type=&#8221;2_3&#8243; specialty_columns=&#8221;2&#8243; _builder_version=&#8221;4.16&#8243; custom_padding=&#8221;|||&#8221; global_colors_info=&#8221;{}&#8221; parallax__hover=&#8221;off&#8221; parallax_method__hover=&#8221;on&#8221; custom_padding__hover=&#8221;|||&#8221;][et_pb_row_inner use_custom_gutter=&#8221;on&#8221; gutter_width=&#8221;4&#8243; _builder_version=&#8221;4.16&#8243; custom_margin=&#8221;-80px|||&#8221; custom_padding=&#8221;0px|||&#8221; global_colors_info=&#8221;{}&#8221;][et_pb_column_inner saved_specialty_column_type=&#8221;2_3&#8243; _builder_version=&#8221;4.16&#8243; custom_padding=&#8221;|||&#8221; global_colors_info=&#8221;{}&#8221; parallax__hover=&#8221;off&#8221; parallax_method__hover=&#8221;on&#8221; custom_padding__hover=&#8221;|||&#8221;][et_pb_blurb title=&#8221;Peat\u00fckk 1: Sissejuhatus Projektijuhtimisse&#8221; url_new_window=&#8221;on&#8221; image=&#8221;https:\/\/elearn.jaeurope.org\/network\/pm\/wp-content\/uploads\/sites\/2\/2022\/08\/coding-icon_4.png&#8221; icon_placement=&#8221;left&#8221; image_icon_width=&#8221;64px&#8221; content_max_width=&#8221;1100px&#8221; admin_label=&#8221;Chapter&#8221; _builder_version=&#8221;4.18.0&#8243; header_font=&#8221;|on|||&#8221; header_line_height=&#8221;1.5em&#8221; body_line_height=&#8221;1.9em&#8221; background_color=&#8221;#ffffff&#8221; custom_margin=&#8221;|||&#8221; custom_padding=&#8221;30px|40px|30px|40px&#8221; animation_style=&#8221;zoom&#8221; animation_direction=&#8221;bottom&#8221; animation_intensity_zoom=&#8221;20%&#8221; animation_starting_opacity=&#8221;100%&#8221; box_shadow_style=&#8221;preset2&#8243; box_shadow_horizontal=&#8221;0px&#8221; box_shadow_vertical=&#8221;0px&#8221; box_shadow_blur=&#8221;60px&#8221; box_shadow_color=&#8221;rgba(71,74,182,0.12)&#8221; image_max_width=&#8221;64px&#8221; locked=&#8221;off&#8221; global_colors_info=&#8221;{}&#8221;]<\/p>\n<p>Iga\u00fcks meist on tegelenud projektijuhtimisega. T\u00f5en\u00e4oliselt oled juba pikka aega oma igap\u00e4evaelus projekte arendanud ja juhtinud, ilma et sellest ise aru saaksid. Kindlasti oled puutunud kokku projektijuhtimise erinevate osadega.<\/p>\n<p><a href=\"https:\/\/elearn.jaeurope.org\/pm\/et\/projekti-juhtimine\/peatukk-1-sissejuhatus-projektijuhtimisse\"><strong><span style=\"text-decoration: underline\">Alustamiseks vajuta siia<\/span><\/strong><\/a><\/p>\n<p>[\/et_pb_blurb][et_pb_blurb title=&#8221;Peat\u00fckk 2: Projekti Algatamine&#8221; image=&#8221;https:\/\/elearn.jaeurope.org\/network\/pm\/wp-content\/uploads\/sites\/2\/2022\/08\/coding-icon_12.png&#8221; icon_placement=&#8221;left&#8221; image_icon_width=&#8221;64px&#8221; content_max_width=&#8221;1100px&#8221; admin_label=&#8221;Chapter&#8221; _builder_version=&#8221;4.18.0&#8243; header_font=&#8221;|on|||&#8221; header_line_height=&#8221;1.5em&#8221; body_line_height=&#8221;1.9em&#8221; background_color=&#8221;#ffffff&#8221; custom_margin=&#8221;|||&#8221; custom_padding=&#8221;30px|40px|30px|40px&#8221; animation_style=&#8221;zoom&#8221; animation_direction=&#8221;bottom&#8221; animation_intensity_zoom=&#8221;20%&#8221; animation_starting_opacity=&#8221;100%&#8221; hover_enabled=&#8221;0&#8243; box_shadow_style=&#8221;preset2&#8243; box_shadow_horizontal=&#8221;0px&#8221; box_shadow_vertical=&#8221;0px&#8221; box_shadow_blur=&#8221;60px&#8221; box_shadow_color=&#8221;rgba(71,74,182,0.12)&#8221; image_max_width=&#8221;64px&#8221; locked=&#8221;off&#8221; global_colors_info=&#8221;{}&#8221; sticky_enabled=&#8221;0&#8243;]<\/p>\n<p>Projekti alguses tuleb k\u00f5igepealt paika panna projekti eesm\u00e4rgid. See on hea v\u00f5imalus, et otsustada, mida tehakse ja mis on oodatav tulemus. Moodulis n\u00e4idatakse, et tulemuseks v\u00f5ib olla nii toode, teenus kui ka tegevuse tulemus.<\/p>\n<p><strong><span><a href=\"https:\/\/elearn.jaeurope.org\/pm\/et\/projekti-juhtimine\/peatukk-2-projekti-algatamine\/\"><span style=\"text-decoration: underline\">Alustamiseks vajuta siia<\/span><\/a><\/span><\/strong><\/p>\n<p>[\/et_pb_blurb][et_pb_blurb title=&#8221;Peat\u00fckk 3: Projekti Planeerimine&#8221; image=&#8221;https:\/\/elearn.jaeurope.org\/network\/pm\/wp-content\/uploads\/sites\/2\/2022\/08\/coding-iconArtboard-19-copy-9.png&#8221; icon_placement=&#8221;left&#8221; image_icon_width=&#8221;64px&#8221; content_max_width=&#8221;1100px&#8221; admin_label=&#8221;Chapter&#8221; _builder_version=&#8221;4.18.0&#8243; header_font=&#8221;|on|||&#8221; header_line_height=&#8221;1.5em&#8221; body_line_height=&#8221;1.9em&#8221; background_color=&#8221;#ffffff&#8221; custom_margin=&#8221;|||&#8221; custom_padding=&#8221;30px|40px|30px|40px&#8221; animation_style=&#8221;zoom&#8221; animation_direction=&#8221;bottom&#8221; animation_intensity_zoom=&#8221;20%&#8221; animation_starting_opacity=&#8221;100%&#8221; hover_enabled=&#8221;0&#8243; box_shadow_style=&#8221;preset2&#8243; box_shadow_horizontal=&#8221;0px&#8221; box_shadow_vertical=&#8221;0px&#8221; box_shadow_blur=&#8221;60px&#8221; box_shadow_color=&#8221;rgba(71,74,182,0.12)&#8221; image_max_width=&#8221;64px&#8221; locked=&#8221;off&#8221; global_colors_info=&#8221;{}&#8221; sticky_enabled=&#8221;0&#8243;]<\/p>\n<p>Ilma hoolika planeerimiseta v\u00f5ib projektijuhil ja projektimeeskonnal olla raske projektiga edu saavutada. Selles peat\u00fckis \u00f5pid, kuidas l\u00e4bida projekti erinevaid etappe ja jagada t\u00f6\u00f6 v\u00e4iksemateks \u00fclesanneteks.<\/p>\n<p><a href=\"https:\/\/elearn.jaeurope.org\/pm\/et\/projekti-juhtimine\/peatukk-3-projekti-planeerimine\/\"><strong><span style=\"text-decoration: underline\">Alustamiseks vajuta siia<\/span><\/strong><\/a><\/p>\n<p>[\/et_pb_blurb][et_pb_blurb title=&#8221;Peat\u00fckk 4: Elluviimine, J\u00e4relvalve ja Kontroll&#8221; image=&#8221;https:\/\/elearn.jaeurope.org\/network\/pm\/wp-content\/uploads\/sites\/2\/2022\/08\/coding-icon_16.png&#8221; icon_placement=&#8221;left&#8221; image_icon_width=&#8221;64px&#8221; content_max_width=&#8221;1100px&#8221; admin_label=&#8221;Chapter&#8221; _builder_version=&#8221;4.18.0&#8243; header_font=&#8221;|on|||&#8221; header_line_height=&#8221;1.5em&#8221; body_line_height=&#8221;1.9em&#8221; background_color=&#8221;#ffffff&#8221; custom_margin=&#8221;|||&#8221; custom_padding=&#8221;30px|40px|30px|40px&#8221; animation_style=&#8221;zoom&#8221; animation_direction=&#8221;bottom&#8221; animation_intensity_zoom=&#8221;20%&#8221; animation_starting_opacity=&#8221;100%&#8221; hover_enabled=&#8221;0&#8243; box_shadow_style=&#8221;preset2&#8243; box_shadow_horizontal=&#8221;0px&#8221; box_shadow_vertical=&#8221;0px&#8221; box_shadow_blur=&#8221;60px&#8221; box_shadow_color=&#8221;rgba(71,74,182,0.12)&#8221; image_max_width=&#8221;64px&#8221; locked=&#8221;off&#8221; global_colors_info=&#8221;{}&#8221; sticky_enabled=&#8221;0&#8243;]<\/p>\n<p>Projekti elluviimine on projektikava l\u00e4bi t\u00f6\u00f6tamine ja \u00fclesannete t\u00e4itmine. See t\u00e4hendab, et teie loodud plaan saab teoks. Projektikava on juhis, mis aitab tagada, et tulemused \u2013 projekti kavandatud eesm\u00e4rgid \u2013 saavutatakse n\u00f5uetekohaselt, \u00f5igeaegselt ja eelarve piires.<\/p>\n<p><a href=\"https:\/\/elearn.jaeurope.org\/pm\/et\/projekti-juhtimine\/peatukk-4-elluviimine-jarelvalve-ja-kontroll\/\"><strong><span style=\"text-decoration: underline\">Alustamiseks vajuta siia<\/span><\/strong><\/a><\/p>\n<p>[\/et_pb_blurb][et_pb_blurb title=&#8221;Peat\u00fckk 5: Projekti L\u00f5petamine&#8221; image=&#8221;https:\/\/elearn.jaeurope.org\/network\/pm\/wp-content\/uploads\/sites\/2\/2022\/08\/coding-iconArtboard-19-copy-8.png&#8221; icon_placement=&#8221;left&#8221; image_icon_width=&#8221;64px&#8221; content_max_width=&#8221;1100px&#8221; admin_label=&#8221;Chapter&#8221; _builder_version=&#8221;4.18.0&#8243; header_font=&#8221;|on|||&#8221; header_line_height=&#8221;1.5em&#8221; body_line_height=&#8221;1.9em&#8221; background_color=&#8221;#ffffff&#8221; custom_margin=&#8221;|||&#8221; custom_padding=&#8221;30px|40px|30px|40px&#8221; animation_style=&#8221;zoom&#8221; animation_direction=&#8221;bottom&#8221; animation_intensity_zoom=&#8221;20%&#8221; animation_starting_opacity=&#8221;100%&#8221; hover_enabled=&#8221;0&#8243; box_shadow_style=&#8221;preset2&#8243; box_shadow_horizontal=&#8221;0px&#8221; box_shadow_vertical=&#8221;0px&#8221; box_shadow_blur=&#8221;60px&#8221; box_shadow_color=&#8221;rgba(71,74,182,0.12)&#8221; image_max_width=&#8221;64px&#8221; locked=&#8221;off&#8221; global_colors_info=&#8221;{}&#8221; sticky_enabled=&#8221;0&#8243;]<\/p>\n<p>Projekti l\u00f5petamine on suur saavutus. See on suure t\u00f6\u00f6 tulemus. R\u00fchmana l\u00f5ite te koos meeskonnaliikmetega \u00fchise idee, planeerisite seda, teostasite plaani, j\u00e4lgisite ja kontrollisite oma edusamme ning olete n\u00fc\u00fcd j\u00f5udnud l\u00f5petamisprotsessini.<\/p>\n<p><a href=\"https:\/\/elearn.jaeurope.org\/pm\/et\/projekti-juhtimine\/peatukk-5-projekti-lopetamine\/\"><strong><span style=\"text-decoration: underline\">Alustamiseks vajuta siia<\/span><\/strong><\/a><\/p>\n<p>[\/et_pb_blurb][et_pb_blurb title=&#8221;Juhendmaterjal&#8221; image=&#8221;https:\/\/elearn.jaeurope.org\/network\/pm\/wp-content\/uploads\/sites\/2\/2022\/08\/coding-icon_2.png&#8221; icon_placement=&#8221;left&#8221; image_icon_width=&#8221;64px&#8221; content_max_width=&#8221;1100px&#8221; admin_label=&#8221;Chapter&#8221; _builder_version=&#8221;4.18.0&#8243; header_font=&#8221;|on|||&#8221; header_line_height=&#8221;1.5em&#8221; body_line_height=&#8221;1.9em&#8221; background_color=&#8221;#ffffff&#8221; custom_margin=&#8221;|||&#8221; custom_padding=&#8221;30px|40px|30px|40px&#8221; animation_style=&#8221;zoom&#8221; animation_direction=&#8221;bottom&#8221; animation_intensity_zoom=&#8221;20%&#8221; animation_starting_opacity=&#8221;100%&#8221; hover_enabled=&#8221;0&#8243; box_shadow_style=&#8221;preset2&#8243; box_shadow_horizontal=&#8221;0px&#8221; box_shadow_vertical=&#8221;0px&#8221; box_shadow_blur=&#8221;60px&#8221; box_shadow_color=&#8221;rgba(71,74,182,0.12)&#8221; image_max_width=&#8221;64px&#8221; locked=&#8221;off&#8221; global_colors_info=&#8221;{}&#8221; sticky_enabled=&#8221;0&#8243;]<\/p>\n<p>Kui sa soovid viie eri mooduli l\u00e4bimisel abi, siis lae alla &#8220;Juhend&#8221;, millest leiad samm-sammulise instruktsiooni, kuidas \u00f5pilasi v\u00f5i klassi juhendada mooduli l\u00e4bimisel.<\/p>\n<p><a href=\"https:\/\/elearn.jaeurope.org\/network\/pm\/wp-content\/uploads\/sites\/2\/2022\/09\/Projektijuhtimise-e-o\u0303ppemooduli-o\u0303petaja-juhend-EST.pdf\" target=\"_blank\" rel=\"noopener\"><strong><span style=\"text-decoration: underline\">Vajuta allalaadimiseks siia<\/span><\/strong><\/a><\/p>\n<p>[\/et_pb_blurb][\/et_pb_column_inner][\/et_pb_row_inner][\/et_pb_column][et_pb_column type=&#8221;1_3&#8243; _builder_version=&#8221;4.16&#8243; custom_padding=&#8221;|||&#8221; global_colors_info=&#8221;{}&#8221; padding_top__hover=&#8221;0px&#8221; parallax__hover=&#8221;off&#8221; parallax_method__hover=&#8221;on&#8221; custom_padding__hover=&#8221;|||&#8221;][\/et_pb_column][\/et_pb_section]<\/p>\n","protected":false},"excerpt":{"rendered":"<p>Projekti-juhtimine 1.5 hoursSee projektijuhtimise e-\u00f5ppe moodul on loodud projektijuhtimise valdkonnast \u00fclevaate andmiseks. Samuti \u00f5petab see projektijuhtimise praktilisi \u00fclesandeid, mida saab kasutada \u00fcksk\u00f5ik millist projekti ellu viies. All images supplied by Freepik Iga\u00fcks meist on tegelenud projektijuhtimisega. T\u00f5en\u00e4oliselt oled juba pikka aega oma igap\u00e4evaelus projekte arendanud ja juhtinud, ilma et sellest ise aru saaksid. Kindlasti oled [&hellip;]<\/p>\n","protected":false},"author":1,"featured_media":0,"parent":0,"menu_order":0,"comment_status":"closed","ping_status":"closed","template":"","meta":{"_et_pb_use_builder":"on","_et_pb_old_content":"","_et_gb_content_width":"","footnotes":""},"class_list":["post-1173","page","type-page","status-publish","hentry"],"_links":{"self":[{"href":"https:\/\/elearn.jaeurope.org\/pm\/wp-json\/wp\/v2\/pages\/1173"}],"collection":[{"href":"https:\/\/elearn.jaeurope.org\/pm\/wp-json\/wp\/v2\/pages"}],"about":[{"href":"https:\/\/elearn.jaeurope.org\/pm\/wp-json\/wp\/v2\/types\/page"}],"author":[{"embeddable":true,"href":"https:\/\/elearn.jaeurope.org\/pm\/wp-json\/wp\/v2\/users\/1"}],"replies":[{"embeddable":true,"href":"https:\/\/elearn.jaeurope.org\/pm\/wp-json\/wp\/v2\/comments?post=1173"}],"version-history":[{"count":0,"href":"https:\/\/elearn.jaeurope.org\/pm\/wp-json\/wp\/v2\/pages\/1173\/revisions"}],"wp:attachment":[{"href":"https:\/\/elearn.jaeurope.org\/pm\/wp-json\/wp\/v2\/media?parent=1173"}],"curies":[{"name":"wp","href":"https:\/\/api.w.org\/{rel}","templated":true}]}}